{"id":8,"date":"2025-05-28T08:11:47","date_gmt":"2025-05-28T08:11:47","guid":{"rendered":"https:\/\/sosperito.es\/tienda\/index.php\/carrito\/"},"modified":"2025-05-28T08:12:09","modified_gmt":"2025-05-28T08:12:09","slug":"carrito","status":"publish","type":"page","link":"https:\/\/sosperito.es\/tienda\/carrito\/","title":{"rendered":"Carrito"},"content":{"rendered":"<div data-block-name=\"woocommerce\/cart\" class=\"wp-block-woocommerce-cart alignwide is-loading\"><div data-block-name=\"woocommerce\/filled-cart-block\" class=\"wp-block-woocommerce-filled-cart-block\"><div data-block-name=\"woocommerce\/cart-items-block\" class=\"wp-block-woocommerce-cart-items-block\"><div data-block-name=\"woocommerce\/cart-line-items-block\" class=\"wp-block-woocommerce-cart-line-items-block\"><\/div>\n\n<div data-block-name=\"woocommerce\/cart-cross-sells-block\" class=\"wp-block-woocommerce-cart-cross-sells-block\"><h2 class=\"wp-block-heading has-large-font-size\">Puede que te interese\u2026<\/h2>\n\n<div data-block-name=\"woocommerce\/cart-cross-sells-products-block\" class=\"wp-block-woocommerce-cart-cross-sells-products-block\"><\/div><\/div><\/div>\n\n<div data-block-name=\"woocommerce\/cart-totals-block\" class=\"wp-block-woocommerce-cart-totals-block\"><div data-block-name=\"woocommerce\/cart-order-summary-block\" class=\"wp-block-woocommerce-cart-order-summary-block\"><div data-block-name=\"woocommerce\/cart-order-summary-heading-block\" class=\"wp-block-woocommerce-cart-order-summary-heading-block\"><\/div><div data-block-name=\"woocommerce\/cart-order-summary-coupon-form-block\" class=\"wp-block-woocommerce-cart-order-summary-coupon-form-block\"><\/div><div data-block-name=\"woocommerce\/cart-order-summary-totals-block\" class=\"wp-block-woocommerce-cart-order-summary-totals-block\">\n<div data-block-name=\"woocommerce\/cart-order-summary-subtotal-block\" class=\"wp-block-woocommerce-cart-order-summary-subtotal-block\"><\/div>\n<div data-block-name=\"woocommerce\/cart-order-summary-discount-block\" class=\"wp-block-woocommerce-cart-order-summary-discount-block\"><\/div>\n<div data-block-name=\"woocommerce\/cart-order-summary-fee-block\" class=\"wp-block-woocommerce-cart-order-summary-fee-block\"><\/div>\n<div data-block-name=\"woocommerce\/cart-order-summary-shipping-block\" class=\"wp-block-woocommerce-cart-order-summary-shipping-block\"><\/div>\n<div data-block-name=\"woocommerce\/cart-order-summary-taxes-block\" class=\"wp-block-woocommerce-cart-order-summary-taxes-block\"><\/div><\/div><\/div>\n\n<div data-block-name=\"woocommerce\/cart-express-payment-block\" class=\"wp-block-woocommerce-cart-express-payment-block\"><\/div>\n\n<div data-block-name=\"woocommerce\/proceed-to-checkout-block\" class=\"wp-block-woocommerce-proceed-to-checkout-block\"><\/div>\n\n<div data-block-name=\"woocommerce\/cart-accepted-payment-methods-block\" class=\"wp-block-woocommerce-cart-accepted-payment-methods-block\"><\/div><\/div><\/div>\n\n<div data-block-name=\"woocommerce\/empty-cart-block\" class=\"wp-block-woocommerce-empty-cart-block\"><h2 class=\"wp-block-heading has-text-align-center with-empty-cart-icon wc-block-cart__empty-cart__title\">\u00a1Tu carrito est\u00e1 actualmente vac\u00edo!<\/h2>\n\n<hr class=\"wp-block-separator has-alpha-channel-opacity is-style-dots\"\/>\n\n<h2 class=\"wp-block-heading has-text-align-center\">Nuevo en la tienda<\/h2>\n\n<div data-block-name=\"woocommerce\/product-new\" data-columns=\"4\" data-rows=\"1\" class=\"wc-block-grid wp-block-product-new wp-block-woocommerce-product-new wc-block-product-new has-4-columns\"><ul class=\"wc-block-grid__products\"><li class=\"wc-block-grid__product\">\n\t\t\t\t<a href=\"https:\/\/sosperito.es\/tienda\/producto\/informe-valoracion-venal-vehiculo\/\" class=\"wc-block-grid__product-link\">\n\t\t\t\t\t\n\t\t\t\t\t<div class=\"wc-block-grid__product-image\"><img decoding=\"async\" width=\"161\" height=\"161\" src=\"https:\/\/sosperito.es\/tienda\/wp-content\/uploads\/2025\/05\/gestion-integral-del-siniestro.png\" class=\"attachment-woocommerce_thumbnail size-woocommerce_thumbnail\" alt=\"Informe Valoraci\u00f3n Venal Veh\u00edculo\" srcset=\"https:\/\/sosperito.es\/tienda\/wp-content\/uploads\/2025\/05\/gestion-integral-del-siniestro.png 161w, https:\/\/sosperito.es\/tienda\/wp-content\/uploads\/2025\/05\/gestion-integral-del-siniestro-150x150.png 150w\" sizes=\"(max-width: 161px) 100vw, 161px\" \/><\/div>\n\t\t\t\t\t<div class=\"wc-block-grid__product-title\">Informe Valoraci\u00f3n Venal Veh\u00edculo<\/div>\n\t\t\t\t<\/a>\n\t\t\t\t<div class=\"wc-block-grid__product-price price\"><span class=\"woocommerce-Price-amount amount\">35,00&nbsp;<span class=\"woocommerce-Price-currencySymbol\">&euro;<\/span><\/span><\/div>\n\t\t\t\t\n\t\t\t\t<div class=\"wp-block-button wc-block-grid__product-add-to-cart\"><a href=\"?add-to-cart=15595\" aria-label=\"A\u00f1adir al carrito: &ldquo;Informe Valoraci\u00f3n Venal Veh\u00edculo&rdquo;\" data-quantity=\"1\" data-product_id=\"15595\" data-product_sku=\"\" data-price=\"35\" rel=\"nofollow\" class=\"wp-block-button__link  add_to_cart_button ajax_add_to_cart\">A\u00f1adir al carrito<\/a><\/div>\n\t\t\t<\/li><li class=\"wc-block-grid__product\">\n\t\t\t\t<a href=\"https:\/\/sosperito.es\/tienda\/producto\/informe-pericial\/\" class=\"wc-block-grid__product-link\">\n\t\t\t\t\t\n\t\t\t\t\t<div class=\"wc-block-grid__product-image\"><img decoding=\"async\" width=\"161\" height=\"161\" src=\"https:\/\/sosperito.es\/tienda\/wp-content\/uploads\/2025\/05\/informes-periciales-perito-asegurado.png\" class=\"attachment-woocommerce_thumbnail size-woocommerce_thumbnail\" alt=\"Informe pericial\" srcset=\"https:\/\/sosperito.es\/tienda\/wp-content\/uploads\/2025\/05\/informes-periciales-perito-asegurado.png 161w, https:\/\/sosperito.es\/tienda\/wp-content\/uploads\/2025\/05\/informes-periciales-perito-asegurado-150x150.png 150w\" sizes=\"(max-width: 161px) 100vw, 161px\" \/><\/div>\n\t\t\t\t\t<div class=\"wc-block-grid__product-title\">Informe pericial<\/div>\n\t\t\t\t<\/a>\n\t\t\t\t<div class=\"wc-block-grid__product-price price\"><span class=\"woocommerce-Price-amount amount\">35,00&nbsp;<span class=\"woocommerce-Price-currencySymbol\">&euro;<\/span><\/span><\/div>\n\t\t\t\t\n\t\t\t\t<div class=\"wp-block-button wc-block-grid__product-add-to-cart\"><a href=\"?add-to-cart=15591\" aria-label=\"A\u00f1adir al carrito: &ldquo;Informe pericial&rdquo;\" data-quantity=\"1\" data-product_id=\"15591\" data-product_sku=\"\" data-price=\"35\" rel=\"nofollow\" class=\"wp-block-button__link  add_to_cart_button ajax_add_to_cart\">A\u00f1adir al carrito<\/a><\/div>\n\t\t\t<\/li><li class=\"wc-block-grid__product\">\n\t\t\t\t<a href=\"https:\/\/sosperito.es\/tienda\/producto\/certificado-estado-de-propiedad\/\" class=\"wc-block-grid__product-link\">\n\t\t\t\t\t\n\t\t\t\t\t<div class=\"wc-block-grid__product-image\"><img decoding=\"async\" width=\"161\" height=\"161\" src=\"https:\/\/sosperito.es\/tienda\/wp-content\/uploads\/2025\/05\/analizamos-tus-polizas-app.png\" class=\"attachment-woocommerce_thumbnail size-woocommerce_thumbnail\" alt=\"Certificado estado de propiedad\" srcset=\"https:\/\/sosperito.es\/tienda\/wp-content\/uploads\/2025\/05\/analizamos-tus-polizas-app.png 161w, https:\/\/sosperito.es\/tienda\/wp-content\/uploads\/2025\/05\/analizamos-tus-polizas-app-150x150.png 150w\" sizes=\"(max-width: 161px) 100vw, 161px\" \/><\/div>\n\t\t\t\t\t<div class=\"wc-block-grid__product-title\">Certificado estado de propiedad<\/div>\n\t\t\t\t<\/a>\n\t\t\t\t<div class=\"wc-block-grid__product-price price\"><span class=\"woocommerce-Price-amount amount\">35,00&nbsp;<span class=\"woocommerce-Price-currencySymbol\">&euro;<\/span><\/span><\/div>\n\t\t\t\t\n\t\t\t\t<div class=\"wp-block-button wc-block-grid__product-add-to-cart\"><a href=\"?add-to-cart=15588\" aria-label=\"A\u00f1adir al carrito: &ldquo;Certificado estado de propiedad&rdquo;\" data-quantity=\"1\" data-product_id=\"15588\" data-product_sku=\"\" data-price=\"35\" rel=\"nofollow\" class=\"wp-block-button__link  add_to_cart_button ajax_add_to_cart\">A\u00f1adir al carrito<\/a><\/div>\n\t\t\t<\/li><\/ul><\/div><\/div><\/div>","protected":false},"excerpt":{"rendered":"","protected":false},"author":1,"featured_media":0,"parent":0,"menu_order":0,"comment_status":"closed","ping_status":"closed","template":"","meta":{"footnotes":""},"class_list":["post-8","page","type-page","status-publish","hentry"],"_links":{"self":[{"href":"https:\/\/sosperito.es\/tienda\/wp-json\/wp\/v2\/pages\/8","targetHints":{"allow":["GET"]}}],"collection":[{"href":"https:\/\/sosperito.es\/tienda\/wp-json\/wp\/v2\/pages"}],"about":[{"href":"https:\/\/sosperito.es\/tienda\/wp-json\/wp\/v2\/types\/page"}],"author":[{"embeddable":true,"href":"https:\/\/sosperito.es\/tienda\/wp-json\/wp\/v2\/users\/1"}],"replies":[{"embeddable":true,"href":"https:\/\/sosperito.es\/tienda\/wp-json\/wp\/v2\/comments?post=8"}],"version-history":[{"count":1,"href":"https:\/\/sosperito.es\/tienda\/wp-json\/wp\/v2\/pages\/8\/revisions"}],"predecessor-version":[{"id":12,"href":"https:\/\/sosperito.es\/tienda\/wp-json\/wp\/v2\/pages\/8\/revisions\/12"}],"wp:attachment":[{"href":"https:\/\/sosperito.es\/tienda\/wp-json\/wp\/v2\/media?parent=8"}],"curies":[{"name":"wp","href":"https:\/\/api.w.org\/{rel}","templated":true}]}}